{"id":1092,"date":"2022-02-13T16:39:26","date_gmt":"2022-02-13T16:39:26","guid":{"rendered":"https:\/\/aktivterapi.no\/strona-glowna\/"},"modified":"2026-01-20T19:59:18","modified_gmt":"2026-01-20T19:59:18","slug":"strona-glowna","status":"publish","type":"page","link":"https:\/\/aktivterapi.no\/pl\/","title":{"rendered":"Strona g\u0142\u00f3wna"},"content":{"rendered":"\n<div class=\"wp-block-stackable-columns alignfull stk-block-columns stk-block stk-1284f2b stk-block-background\" data-block-id=\"1284f2b\"><style>.stk-1284f2b {background-color:#f7f8f8 !important;padding-top:0px !important;padding-right:0px !important;padding-bottom:0px !important;padding-left:0px !important;margin-bottom:0px !important;}.stk-1284f2b:before{background-color:#f7f8f8 !important;}.stk-1284f2b-column{--stk-column-gap:35px !important;}@media screen and (max-width:689px){.stk-1284f2b {padding-top:70px !important;padding-bottom:30px !important;}}<\/style><div class=\"stk-row stk-inner-blocks stk-block-content stk-content-align stk-1284f2b-column\">\n<div class=\"wp-block-stackable-column stk-block-column stk-column stk-block stk-281a693\" data-v=\"4\" data-block-id=\"281a693\"><style>.stk-281a693-container{margin-top:0px !important;margin-right:0px !important;margin-bottom:0px !important;margin-left:0px !important;}.stk-281a693 {align-self:center !important;}@media screen and (min-width:690px){.stk-281a693 {flex:var(--stk-flex-grow, 1) 1 calc(54.4% - var(--stk-column-gap, 0px) * 1 \/ 2 ) !important;}}@media screen and (min-width:690px) and (max-width:999px){.stk-281a693 {flex:var(--stk-flex-grow, 1) 1 calc(60% - var(--stk-column-gap, 0px) * 1 \/ 2 ) !important;}}<\/style><div class=\"stk-column-wrapper stk-block-column__content stk-container stk-281a693-container stk--no-background stk--no-padding\"><div class=\"has-text-align-center-mobile stk-block-content stk-inner-blocks stk-281a693-inner-blocks\">\n<div class=\"wp-block-stackable-spacer stk-block-spacer stk--no-padding stk-block stk-405620a\" data-block-id=\"405620a\"><style>.stk-405620a {height:50px !important;}<\/style><\/div>\n\n\n\n<p style=\"font-size:clamp(15.747px, 0.984rem + ((1vw - 3.2px) * 0.645), 24px);\">Sztywny kark? obola\u0142e plecy?<\/p>\n\n\n\n<div class=\"wp-block-stackable-heading stk-block-heading stk-block-heading--v2 stk-block stk-572946e\" id=\"strong-ta-tilbake-kontrollen-over-kroppen-din-start-i-dag-strong\" data-block-id=\"572946e\"><style>.stk-572946e {margin-bottom:50px !important;}.stk-572946e .stk-block-heading__text{font-size:60px !important;line-height:1.1em !important;}@media screen and (max-width:999px){.stk-572946e .stk-block-heading__text{font-size:40px !important;}}<\/style><h1 class=\"stk-block-heading__text\"><strong>Odzyskaj kontrol\u0119 nad swoim cia\u0142em \u2013 zacznij ju\u017c dzi\u015b!<\/strong><\/h1><\/div>\n\n\n\n<p class=\"has-medium-font-size\"><br>Popraw swoj\u0105 codzienno\u015b\u0107 dzi\u0119ki drobnym zmianom, kt\u00f3re robi\u0105 wielk\u0105 r\u00f3\u017cnic\u0119.<\/p>\n\n\n\n<div class=\"wp-block-stackable-spacer stk-block-spacer stk--no-padding stk-block stk-84b3961\" data-block-id=\"84b3961\"><style>.stk-84b3961 {height:50px !important;}@media screen and (max-width:999px){.stk-84b3961 {height:70px !important;}}@media screen and (max-width:689px){.stk-84b3961 {height:70px !important;}}<\/style><\/div>\n\n\n\n<div class=\"wp-block-stackable-button-group stk-block-button-group stk-block stk-d6c7a87\" data-block-id=\"d6c7a87\"><style>.stk-d6c7a87 {margin-bottom:50px !important;}@media screen and (max-width:689px){.stk-d6c7a87 {margin-bottom:0px !important;}}<\/style><div class=\"stk-row stk-inner-blocks stk-block-content stk-button-group\">\n<div class=\"wp-block-stackable-button stk-block-button stk-block stk-104b74c\" data-block-id=\"104b74c\"><style>.stk-104b74c .stk-button{padding-top:12px !important;padding-right:40px !important;padding-bottom:12px !important;padding-left:40px !important;border-top-left-radius:50px !important;border-top-right-radius:50px !important;border-bottom-right-radius:50px !important;border-bottom-left-radius:50px !important;}.stk-104b74c .stk-button__inner-text{font-size:1.15em !important;}@media screen and (max-width:999px){.stk-104b74c .stk-button__inner-text{font-size:1.15em !important;}}<\/style><a class=\"stk-link stk-button stk--hover-effect-darken\" href=\"\"><span class=\"stk-button__inner-text\">Zapisz si\u0119 na kurs<\/span><\/a><\/div>\n\n\n\n<div class=\"wp-block-stackable-button stk-block-button is-style-ghost stk-block stk-b34024c\" data-block-id=\"b34024c\"><style>.stk-b34024c .stk-button{padding-top:12px !important;padding-right:40px !important;padding-bottom:12px !important;padding-left:40px !important;background:transparent !important;border-top-left-radius:50px !important;border-top-right-radius:50px !important;border-bottom-right-radius:50px !important;border-bottom-left-radius:50px !important;}.stk-b34024c .stk-button:hover:after{background:transparent !important;opacity:1 !important;}:where(.stk-hover-parent:hover,  .stk-hover-parent.stk--is-hovered) .stk-b34024c .stk-button:after{background:transparent !important;opacity:1 !important;}.stk-b34024c .stk-button:before{border-style:solid !important;border-top-width:2px !important;border-right-width:2px !important;border-bottom-width:2px !important;border-left-width:2px !important;}.stk-b34024c .stk-button__inner-text{font-size:1.2em !important;}@media screen and (max-width:999px){.stk-b34024c .stk-button__inner-text{font-size:1.2em !important;}}<\/style><a class=\"stk-link stk-button stk--hover-effect-darken\" href=\"#\"><span class=\"has-palette-color-1-color stk-button__inner-text\">Proste kroki do lepszego zdrowia plec\u00f3w<\/span><\/a><\/div>\n<\/div><\/div>\n<\/div><\/div><\/div>\n\n\n\n<div class=\"wp-block-stackable-column stk-block-column stk-column stk-block stk-986cb71 stk-block-background stk--has-background-overlay\" data-v=\"4\" data-block-id=\"986cb71\"><style>.stk-986cb71-container{margin-top:0px !important;margin-right:0px !important;margin-bottom:0px !important;margin-left:0px !important;background-color:transparent !important;background-position:center center !important;background-repeat:no-repeat !important;background-size:contain !important;box-shadow:none !important;padding-top:0px !important;padding-right:0px !important;padding-bottom:0px !important;padding-left:0px !important;}.stk-986cb71 {align-self:flex-end !important;background-color:transparent !important;background-image:url(https:\/\/aktivterapi.no\/wp-content\/uploads\/2021\/05\/flower.svg) !important;background-position:center center !important;background-repeat:no-repeat !important;background-size:contain !important;padding-top:0px !important;padding-right:0px !important;padding-bottom:0px !important;padding-left:0px !important;margin-bottom:-100px !important;}.stk-986cb71:before{background-color:transparent !important;opacity:0.5 !important;}.stk-986cb71-container:before{background-color:transparent !important;}@media screen and (min-width:690px){.stk-986cb71 {flex:var(--stk-flex-grow, 1) 1 calc(45.599999999999994% - var(--stk-column-gap, 0px) * 1 \/ 2 ) !important;}}@media screen and (min-width:690px) and (max-width:999px){.stk-986cb71 {flex:var(--stk-flex-grow, 1) 1 calc(40% - var(--stk-column-gap, 0px) * 1 \/ 2 ) !important;}}@media screen and (max-width:999px){.stk-986cb71 {margin-bottom:0px !important;}}<\/style><div class=\"stk-column-wrapper stk-block-column__content stk-container stk-986cb71-container stk-hover-parent\"><div class=\"stk-block-content stk-inner-blocks stk-986cb71-inner-blocks\">\n<figure class=\"wp-block-image aligncenter size-full\"><img loading=\"lazy\" decoding=\"async\" width=\"661\" height=\"944\" src=\"https:\/\/aktivterapi.no\/wp-content\/uploads\/2024\/11\/img-1@2x-copy.png\" alt=\"\" class=\"wp-image-790\" style=\"aspect-ratio:1;object-fit:cover\" srcset=\"https:\/\/aktivterapi.no\/wp-content\/uploads\/2024\/11\/img-1@2x-copy.png 661w, https:\/\/aktivterapi.no\/wp-content\/uploads\/2024\/11\/img-1@2x-copy-210x300.png 210w, https:\/\/aktivterapi.no\/wp-content\/uploads\/2024\/11\/img-1@2x-copy-600x857.png 600w\" sizes=\"auto, (max-width: 661px) 100vw, 661px\" \/><\/figure>\n<\/div><\/div><\/div>\n<\/div><\/div>\n\n\n\n<div class=\"wp-block-stackable-spacer stk-block-spacer stk--no-padding stk-block stk-2e2592e\" data-block-id=\"2e2592e\"><style>.stk-2e2592e {height:75px !important;}@media screen and (max-width:999px){.stk-2e2592e {height:70px !important;}}@media screen and (max-width:689px){.stk-2e2592e {height:50px !important;}}<\/style><\/div>\n\n\n\n<div class=\"wp-block-stackable-divider stk-block-divider stk-block stk-9f2acfe is-style-bar\" data-block-id=\"9f2acfe\"><style>.stk-9f2acfe hr.stk-block-divider__hr{background:var(--theme-palette-color-2, #4b7878) !important;border-radius:calc(4px \/ 2) !important;height:4px !important;width:5% !important;}.stk-9f2acfe {margin-top:35px !important;margin-bottom:-35px !important;}<\/style><hr class=\"stk-block-divider__hr\"\/><\/div>\n\n\n\n<h2 class=\"wp-block-heading has-text-align-center\">Ostatnio na blogu<\/h2>\n\n\n\n<div data-id=\"b49fadcd\" class=\"wp-block-blocksy-query\"><div class=\"ct-query-template-grid\"><article class=\"wp-block-post is-layout-flow post-1422 post type-post status-publish format-standard has-post-thumbnail hentry category-bez-kategorii\">\n<a style=\"margin-bottom:0;\" class=\"ct-dynamic-media wp-elements-1e34ab3cee8698377a675778f36d4b7b\" aria-label=\"Proces trwa, nawet je\u015bli nadal boli.\" href=\"https:\/\/aktivterapi.no\/pl\/od-czego-zaczac-gdy-wszystko-boli-i-masz-juz-dosc\/\"><img loading=\"lazy\" decoding=\"async\" width=\"1536\" height=\"1024\" src=\"https:\/\/aktivterapi.no\/wp-content\/uploads\/2026\/02\/ChatGPT-Image-21-lut-2026-20_17_04.png\" class=\"attachment-full size-full\" alt=\"\" style=\"width:100%;height:100%;object-fit: cover;aspect-ratio: 1;border-radius:20px;\" srcset=\"https:\/\/aktivterapi.no\/wp-content\/uploads\/2026\/02\/ChatGPT-Image-21-lut-2026-20_17_04.png 1536w, https:\/\/aktivterapi.no\/wp-content\/uploads\/2026\/02\/ChatGPT-Image-21-lut-2026-20_17_04-300x200.png 300w, https:\/\/aktivterapi.no\/wp-content\/uploads\/2026\/02\/ChatGPT-Image-21-lut-2026-20_17_04-1024x683.png 1024w, https:\/\/aktivterapi.no\/wp-content\/uploads\/2026\/02\/ChatGPT-Image-21-lut-2026-20_17_04-768x512.png 768w, https:\/\/aktivterapi.no\/wp-content\/uploads\/2026\/02\/ChatGPT-Image-21-lut-2026-20_17_04-600x400.png 600w\" sizes=\"auto, (max-width: 1536px) 100vw, 1536px\" \/><\/a>\n\n\n<div class=\"wp-block-group is-layout-constrained wp-container-core-group-is-layout-44316603 wp-block-group-is-layout-constrained\" style=\"margin-top:var(--wp--preset--spacing--50);padding-right:var(--wp--preset--spacing--50);padding-left:var(--wp--preset--spacing--50)\"><h2 style=\"font-size:clamp(14px, 0.875rem + ((1vw - 3.2px) * 0.469), 20px);\" class=\"ct-dynamic-data wp-elements-8220cd85caf5e68757d7afada4888379\"><a href=\"https:\/\/aktivterapi.no\/pl\/od-czego-zaczac-gdy-wszystko-boli-i-masz-juz-dosc\/\">Proces trwa, nawet je\u015bli nadal boli.<\/a><\/h2><\/div>\n\n<\/article><article class=\"wp-block-post is-layout-flow post-1388 post type-post status-publish format-standard has-post-thumbnail hentry category-uklad-nerwowy-trening\">\n<a style=\"margin-bottom:0;\" class=\"ct-dynamic-media wp-elements-1e34ab3cee8698377a675778f36d4b7b\" aria-label=\"M\u00f3zg uczy si\u0119 z powtarzania \u2014 b\u00f3lu i bezpiecze\u0144stwa r\u00f3wnie\u017c.\" href=\"https:\/\/aktivterapi.no\/pl\/mozg-uczy-sie-z-powtarzania-bolu-i-bezpieczenstwa-rowniez\/\"><img loading=\"lazy\" decoding=\"async\" width=\"1536\" height=\"1024\" src=\"https:\/\/aktivterapi.no\/wp-content\/uploads\/2026\/02\/A333CD55-5301-45E4-98FC-A844AF48C93A.png\" class=\"attachment-full size-full\" alt=\"\" style=\"width:100%;height:100%;object-fit: cover;aspect-ratio: 1;border-radius:20px;\" srcset=\"https:\/\/aktivterapi.no\/wp-content\/uploads\/2026\/02\/A333CD55-5301-45E4-98FC-A844AF48C93A.png 1536w, https:\/\/aktivterapi.no\/wp-content\/uploads\/2026\/02\/A333CD55-5301-45E4-98FC-A844AF48C93A-300x200.png 300w, https:\/\/aktivterapi.no\/wp-content\/uploads\/2026\/02\/A333CD55-5301-45E4-98FC-A844AF48C93A-1024x683.png 1024w, https:\/\/aktivterapi.no\/wp-content\/uploads\/2026\/02\/A333CD55-5301-45E4-98FC-A844AF48C93A-768x512.png 768w, https:\/\/aktivterapi.no\/wp-content\/uploads\/2026\/02\/A333CD55-5301-45E4-98FC-A844AF48C93A-600x400.png 600w\" sizes=\"auto, (max-width: 1536px) 100vw, 1536px\" \/><\/a>\n\n\n<div class=\"wp-block-group is-layout-constrained wp-container-core-group-is-layout-44316603 wp-block-group-is-layout-constrained\" style=\"margin-top:var(--wp--preset--spacing--50);padding-right:var(--wp--preset--spacing--50);padding-left:var(--wp--preset--spacing--50)\"><h2 style=\"font-size:clamp(14px, 0.875rem + ((1vw - 3.2px) * 0.469), 20px);\" class=\"ct-dynamic-data wp-elements-8220cd85caf5e68757d7afada4888379\"><a href=\"https:\/\/aktivterapi.no\/pl\/mozg-uczy-sie-z-powtarzania-bolu-i-bezpieczenstwa-rowniez\/\">M\u00f3zg uczy si\u0119 z powtarzania \u2014 b\u00f3lu i bezpiecze\u0144stwa r\u00f3wnie\u017c.<\/a><\/h2><\/div>\n\n<\/article><article class=\"wp-block-post is-layout-flow post-1140 post type-post status-publish format-standard has-post-thumbnail hentry\">\n<a style=\"margin-bottom:0;\" class=\"ct-dynamic-media wp-elements-1e34ab3cee8698377a675778f36d4b7b\" aria-label=\"Przewlek\u0142y b\u00f3l kontra ostry b\u00f3l\" href=\"https:\/\/aktivterapi.no\/pl\/przewlekly-bol-kontra-ostry-bol\/\"><img loading=\"lazy\" decoding=\"async\" width=\"940\" height=\"788\" src=\"https:\/\/aktivterapi.no\/wp-content\/uploads\/2024\/12\/Projekt-bez-nazwy-8.png\" class=\"attachment-full size-full\" alt=\"\" style=\"width:100%;height:100%;object-fit: cover;aspect-ratio: 1;border-radius:20px;\" srcset=\"https:\/\/aktivterapi.no\/wp-content\/uploads\/2024\/12\/Projekt-bez-nazwy-8.png 940w, https:\/\/aktivterapi.no\/wp-content\/uploads\/2024\/12\/Projekt-bez-nazwy-8-300x251.png 300w, https:\/\/aktivterapi.no\/wp-content\/uploads\/2024\/12\/Projekt-bez-nazwy-8-768x644.png 768w, https:\/\/aktivterapi.no\/wp-content\/uploads\/2024\/12\/Projekt-bez-nazwy-8-600x503.png 600w\" sizes=\"auto, (max-width: 940px) 100vw, 940px\" \/><\/a>\n\n\n<div class=\"wp-block-group is-layout-constrained wp-container-core-group-is-layout-44316603 wp-block-group-is-layout-constrained\" style=\"margin-top:var(--wp--preset--spacing--50);padding-right:var(--wp--preset--spacing--50);padding-left:var(--wp--preset--spacing--50)\"><h2 style=\"font-size:clamp(14px, 0.875rem + ((1vw - 3.2px) * 0.469), 20px);\" class=\"ct-dynamic-data wp-elements-8220cd85caf5e68757d7afada4888379\"><a href=\"https:\/\/aktivterapi.no\/pl\/przewlekly-bol-kontra-ostry-bol\/\">Przewlek\u0142y b\u00f3l kontra ostry b\u00f3l<\/a><\/h2><\/div>\n\n<\/article><\/div><style>[data-id='b49fadcd'] {--grid-columns-gap:var(--wp--preset--spacing--60);--grid-columns-width:3;}@media (max-width: 999.98px) {[data-id='b49fadcd'] {--grid-columns-width:2;}}@media (max-width: 689.98px) {[data-id='b49fadcd'] {--grid-columns-width:1;}}<\/style><\/div>\n\n\n\n<div class=\"wp-block-stackable-spacer stk-block-spacer stk--no-padding stk-block stk-2348e1d\" data-block-id=\"2348e1d\"><style>.stk-2348e1d {height:75px !important;}@media screen and (max-width:999px){.stk-2348e1d {height:70px !important;}}@media screen and (max-width:689px){.stk-2348e1d {height:50px !important;}}<\/style><\/div>\n\n\n\n<div class=\"wp-block-stackable-divider stk-block-divider stk-block stk-2c72d0d is-style-bar\" data-block-id=\"2c72d0d\"><style>.stk-2c72d0d hr.stk-block-divider__hr{background:var(--theme-palette-color-2, #4b7878) !important;border-radius:calc(4px \/ 2) !important;height:4px !important;width:5% !important;}.stk-2c72d0d {margin-top:35px !important;margin-bottom:-35px !important;}<\/style><hr class=\"stk-block-divider__hr\"\/><\/div>\n\n\n\n<h2 class=\"wp-block-heading has-text-align-center\">Twoje kroki do lepszego zdrowia plec\u00f3w<\/h2>\n\n\n\n<p class=\"has-text-align-center\">Rozwi\u0105zania dopasowane do Ciebie, Twojego \u017cycia, Twoich ogranicze\u0144 i cel\u00f3w.<\/p>\n\n\n\n<div class=\"wp-block-stackable-spacer stk-block-spacer stk--no-padding stk-block stk-ad34d40\" data-block-id=\"ad34d40\"><style>.stk-ad34d40 {height:75px !important;}@media screen and (max-width:999px){.stk-ad34d40 {height:70px !important;}}@media screen and (max-width:689px){.stk-ad34d40 {height:50px !important;}}<\/style><\/div>\n\n\n\n<div class=\"wp-block-stackable-divider stk-block-divider stk-block stk-e6341de is-style-bar\" data-block-id=\"e6341de\"><style>.stk-e6341de hr.stk-block-divider__hr{background:var(--theme-palette-color-2, #4b7878) !important;border-radius:calc(4px \/ 2) !important;height:4px !important;width:5% !important;}.stk-e6341de {margin-top:35px !important;margin-bottom:-35px !important;}<\/style><hr class=\"stk-block-divider__hr\"\/><\/div>\n\n\n\n<h2 class=\"wp-block-heading has-text-align-center\">Droga do lepszego zdrowia i jako\u015bci \u017cycia<\/h2>\n\n\n\n<p>Nawracaj\u0105ce b\u00f3le i przewlek\u0142e dolegliwo\u015bci mog\u0105 utrudnia\u0107 \u017cycie. Gdy codzienno\u015b\u0107 staje si\u0119 wyzwaniem, a aktywno\u015bci, kt\u00f3re lubisz \u2013 jak zabawa z dzie\u0107mi czy wnukami \u2013 wydaj\u0105 si\u0119 poza zasi\u0119giem, \u0142atwo straci\u0107 nadziej\u0119. Rozumiem, \u017ce wiele os\u00f3b przestaje wierzy\u0107, \u017ce mo\u017ce by\u0107 lepiej. Czy znasz to uczucie, gdy przyzwyczajasz si\u0119 do b\u00f3lu i zaczynasz my\u015ble\u0107, \u017ce musisz si\u0119 z nim pogodzi\u0107?   <\/p>\n\n\n\n<p>Mijaj\u0105 miesi\u0105ce i lata, a zdrowie stopniowo si\u0119 pogarsza. Czy do\u015bwiadczy\u0142e\u015b sytuacji, w kt\u00f3rej wcze\u015bniejsze pr\u00f3by zmiany nie przynios\u0142y skutku lub dawa\u0142y jedynie chwilow\u0105 ulg\u0119? <\/p>\n\n\n\n<p><strong>Ale nie musi tak by\u0107. Wiem, \u017ce istnieje droga do trwa\u0142ych rezultat\u00f3w i lepszego samopoczucia. Zacznij ju\u017c dzi\u015b wspiera\u0107 procesy, kt\u00f3re przywr\u00f3c\u0105 Ci zdrowie i poprawi\u0105 jako\u015b\u0107 \u017cycia.  <\/strong><\/p>\n\n\n\n<div class=\"wp-block-stackable-spacer stk-block-spacer stk--no-padding stk-block stk-d51dfe9\" data-block-id=\"d51dfe9\"><style>.stk-d51dfe9 {height:100px !important;}@media screen and (max-width:999px){.stk-d51dfe9 {height:70px !important;}}@media screen and (max-width:689px){.stk-d51dfe9 {height:50px !important;}}<\/style><\/div>\n","protected":false},"excerpt":{"rendered":"<p>Sztywny kark? obola\u0142e plecy? Odzyskaj kontrol\u0119 nad swoim cia\u0142em \u2013 zacznij ju\u017c dzi\u015b! Popraw swoj\u0105 codzienno\u015b\u0107 dzi\u0119ki drobnym zmianom, kt\u00f3re robi\u0105 wielk\u0105 r\u00f3\u017cnic\u0119. Zapisz si\u0119 na kurs Proste kroki do lepszego zdrowia plec\u00f3w Ostatnio na blogu Twoje kroki do lepszego zdrowia plec\u00f3w Rozwi\u0105zania dopasowane do Ciebie, Twojego \u017cycia, Twoich ogranicze\u0144 i cel\u00f3w. Droga do lepszego [&hellip;]<\/p>\n","protected":false},"author":1,"featured_media":0,"parent":0,"menu_order":0,"comment_status":"closed","ping_status":"closed","template":"","meta":{"inline_featured_image":false,"footnotes":""},"class_list":["post-1092","page","type-page","status-publish","hentry"],"blocksy_meta":{"page_title_panel":"","has_hero_section":"disabled","f3f8f49fb10cdf60f245ab9c8d61436e":"","hero_section":"type-1","hero_elements":[{"id":"custom_title","enabled":true,"heading_tag":"h1","title":"Home"},{"id":"custom_description","enabled":true,"description_visibility":{"desktop":true,"tablet":true,"mobile":false}},{"id":"custom_meta","enabled":false,"meta_elements":[{"id":"author","enabled":true,"label":"By","has_author_avatar":"yes","avatar_size":25},{"id":"post_date","enabled":true,"label":"On","date_format_source":"default","date_format":"M j, Y"},{"id":"updated_date","enabled":false,"label":"On","date_format_source":"default","date_format":"M j, Y"},{"id":"categories","enabled":false,"label":"In","style":"simple"},{"id":"comments","enabled":true}],"page_meta_elements":{"joined":true,"articles_count":true,"comments":true}},{"id":"breadcrumbs","enabled":false}],"442407010c59f3ff91e57db40c13aa51":"","hero_alignment1":"CT_CSS_SKIP_RULE","hero_margin":40,"hero_alignment2":"center","hero_vertical_alignment":"center","81921b98d6b487651b2df5d7a9d37022":"","hero_structure":"narrow","913c0035614d47b332bdecd7430ace76":"","page_title_bg_type":"featured_image","custom_hero_background":{"attachment_id":null},"parallax":{"desktop":false,"tablet":false,"mobile":false},"70967a6a7da28d6c770c344eb8409341":"","hero_height":"250px","pageTitleFont":{"family":"Default","variation":"Default","size":"30px","line-height":"CT_CSS_SKIP_RULE","letter-spacing":"CT_CSS_SKIP_RULE","text-transform":"CT_CSS_SKIP_RULE","text-decoration":"CT_CSS_SKIP_RULE"},"pageTitleFontColor":{"default":{"color":"CT_CSS_SKIP_RULEDEFAULT"}},"pageMetaFont":{"family":"Default","variation":"n6","size":"12px","line-height":"1.3","letter-spacing":"CT_CSS_SKIP_RULE","text-transform":"uppercase","text-decoration":"CT_CSS_SKIP_RULE"},"pageMetaFontColor":{"default":{"color":"CT_CSS_SKIP_RULEDEFAULT"},"hover":{"color":"CT_CSS_SKIP_RULEDEFAULT"}},"page_meta_button_type_font_colors":{"default":{"color":"CT_CSS_SKIP_RULEDEFAULT"},"hover":{"color":"CT_CSS_SKIP_RULEDEFAULT"}},"page_meta_button_type_background_colors":{"default":{"color":"CT_CSS_SKIP_RULEDEFAULT"},"hover":{"color":"CT_CSS_SKIP_RULEDEFAULT"}},"pageExcerptFont":{"family":"Default","variation":"Default","size":"CT_CSS_SKIP_RULE","line-height":"CT_CSS_SKIP_RULE","letter-spacing":"CT_CSS_SKIP_RULE","text-transform":"CT_CSS_SKIP_RULE","text-decoration":"CT_CSS_SKIP_RULE"},"pageExcerptColor":{"default":{"color":"CT_CSS_SKIP_RULEDEFAULT"}},"breadcrumbsFont":{"family":"Default","variation":"Default","size":"CT_CSS_SKIP_RULE","line-height":"CT_CSS_SKIP_RULE","letter-spacing":"CT_CSS_SKIP_RULE","text-transform":"CT_CSS_SKIP_RULE","text-decoration":"CT_CSS_SKIP_RULE"},"breadcrumbsFontColor":{"default":{"color":"CT_CSS_SKIP_RULEDEFAULT"},"initial":{"color":"CT_CSS_SKIP_RULEDEFAULT"},"hover":{"color":"CT_CSS_SKIP_RULEDEFAULT"}},"pageTitleOverlay":{"background_type":"color","background_pattern":"type-1","background_image":{"attachment_id":null,"x":0,"y":0},"gradient":"linear-gradient(135deg,rgba(6,147,227,1) 0%,rgb(155,81,224) 100%)","background_repeat":"repeat","background_size":"auto","background_attachment":"scroll","patternColor":{"default":{"color":"#e5e7ea"}},"overlayColor":{"default":{"color":"CT_CSS_SKIP_RULE"}},"backgroundColor":{"default":{"color":"CT_CSS_SKIP_RULE"}}},"pageTitleBackground":{"background_type":"color","background_pattern":"type-1","background_image":{"attachment_id":null,"x":0,"y":0},"gradient":"linear-gradient(135deg,rgba(6,147,227,1) 0%,rgb(155,81,224) 100%)","background_repeat":"repeat","background_size":"auto","background_attachment":"scroll","patternColor":{"default":{"color":"#e5e7ea"}},"overlayColor":{"default":{"color":"CT_CSS_SKIP_RULE"}},"backgroundColor":{"default":{"color":"var(--theme-palette-color-6)"}}},"pageTitlePadding":{"top":"50px","bottom":"50px","left":"auto","right":"auto","linked":true},"2e05a9c38d0c36bceda7b14b88d788de":"","page_structure_type":"default","a94223346daed16993233c45c5846fc9":"","content_style_source":"inherit","content_style":"wide","vertical_spacing_source":"custom","content_area_spacing":"none","background":{"background_type":"color","background_pattern":"type-1","background_image":{"attachment_id":null,"x":0,"y":0},"gradient":"linear-gradient(135deg,rgba(6,147,227,1) 0%,rgb(155,81,224) 100%)","background_repeat":"repeat","background_size":"auto","background_attachment":"scroll","patternColor":{"default":{"color":"#e5e7ea"}},"overlayColor":{"default":{"color":"CT_CSS_SKIP_RULE"}},"backgroundColor":{"default":{"color":"CT_CSS_SKIP_RULE"}}},"content_background":{"background_type":"color","background_pattern":"type-1","background_image":{"attachment_id":null,"x":0,"y":0},"gradient":"linear-gradient(135deg,rgba(6,147,227,1) 0%,rgb(155,81,224) 100%)","background_repeat":"repeat","background_size":"auto","background_attachment":"scroll","patternColor":{"default":{"color":"#e5e7ea"}},"overlayColor":{"default":{"color":"CT_CSS_SKIP_RULE"}},"backgroundColor":{"default":{"color":"var(--theme-palette-color-8)"}}},"content_boxed_shadow":{"inherit":false,"blur":18,"spread":-6,"v_offset":12,"h_offset":0,"inset":false,"enable":true,"color":{"color":"rgba(34, 56, 101, 0.04)"}},"boxed_content_spacing":{"desktop":{"top":"40px","bottom":"40px","left":"40px","right":"40px","linked":true},"tablet":{"top":"35px","bottom":"35px","left":"35px","right":"35px","linked":true},"mobile":{"top":"20px","bottom":"20px","left":"20px","right":"20px","linked":true}},"content_boxed_radius":{"top":"3px","bottom":"3px","left":"3px","right":"3px","linked":true},"3ada77dc07bfaa247452c0ce87b83283":"","disable_featured_image":"no","disable_share_box":"no","disable_header":"no","disable_footer":"no","styles_descriptor":{"styles":{"desktop":"","tablet":"","mobile":""},"google_fonts":[],"version":6},"c1520e0c171ff62a862cccd198b5db4e":"","fb478f72fd2442d74f9a24d0b83fc3f9":"","bd2a79c1e55e8ea1648cd7bfe31100b9":"","8b1b758c92ec3143f21c03d8591a8d87":"","60c3e69010b70c71047c30e24b496391":"","3f323aba5c21edcbae60598e44ec2755":"","79aff2cc484aad5b0d0e54c70ae3c7a2":"","d461672d81a9f08f7a33c656f44f91e8":""},"_links":{"self":[{"href":"https:\/\/aktivterapi.no\/pl\/wp-json\/wp\/v2\/pages\/1092","targetHints":{"allow":["GET"]}}],"collection":[{"href":"https:\/\/aktivterapi.no\/pl\/wp-json\/wp\/v2\/pages"}],"about":[{"href":"https:\/\/aktivterapi.no\/pl\/wp-json\/wp\/v2\/types\/page"}],"author":[{"embeddable":true,"href":"https:\/\/aktivterapi.no\/pl\/wp-json\/wp\/v2\/users\/1"}],"replies":[{"embeddable":true,"href":"https:\/\/aktivterapi.no\/pl\/wp-json\/wp\/v2\/comments?post=1092"}],"version-history":[{"count":7,"href":"https:\/\/aktivterapi.no\/pl\/wp-json\/wp\/v2\/pages\/1092\/revisions"}],"predecessor-version":[{"id":1356,"href":"https:\/\/aktivterapi.no\/pl\/wp-json\/wp\/v2\/pages\/1092\/revisions\/1356"}],"wp:attachment":[{"href":"https:\/\/aktivterapi.no\/pl\/wp-json\/wp\/v2\/media?parent=1092"}],"curies":[{"name":"wp","href":"https:\/\/api.w.org\/{rel}","templated":true}]}}