{"id":656,"date":"2022-02-13T16:39:26","date_gmt":"2022-02-13T16:39:26","guid":{"rendered":"https:\/\/startersites.io\/stagingfour\/?page_id=656"},"modified":"2026-03-07T19:29:18","modified_gmt":"2026-03-07T19:29:18","slug":"home","status":"publish","type":"page","link":"https:\/\/aktivterapi.no\/no\/","title":{"rendered":"Forside"},"content":{"rendered":"\n<div class=\"wp-block-stackable-columns alignfull stk-block-columns stk-block stk-1284f2b stk-block-background\" data-block-id=\"1284f2b\"><style>.stk-1284f2b {background-color:#f7f8f8 !important;padding-top:0px !important;padding-right:0px !important;padding-bottom:0px !important;padding-left:0px !important;margin-bottom:0px !important;}.stk-1284f2b:before{background-color:#f7f8f8 !important;}.stk-1284f2b-column{--stk-column-gap:35px !important;}@media screen and (max-width:689px){.stk-1284f2b {padding-top:70px !important;padding-bottom:30px !important;}}<\/style><div class=\"stk-row stk-inner-blocks stk-block-content stk-content-align stk-1284f2b-column\">\n<div class=\"wp-block-stackable-column stk-block-column stk-column stk-block stk-281a693\" data-v=\"4\" data-block-id=\"281a693\"><style>.stk-281a693-container{margin-top:0px !important;margin-right:0px !important;margin-bottom:0px !important;margin-left:0px !important;}.stk-281a693 {align-self:center !important;}@media screen and (min-width:690px){.stk-281a693 {flex:var(--stk-flex-grow, 1) 1 calc(49.79999999999998% - var(--stk-column-gap, 0px) * 1 \/ 2 ) !important;}}@media screen and (min-width:690px) and (max-width:999px){.stk-281a693 {flex:var(--stk-flex-grow, 1) 1 calc(60% - var(--stk-column-gap, 0px) * 1 \/ 2 ) !important;}}<\/style><div class=\"stk-column-wrapper stk-block-column__content stk-container stk-281a693-container stk--no-background stk--no-padding\"><div class=\"has-text-align-center-mobile stk-block-content stk-inner-blocks stk-281a693-inner-blocks\">\n<div class=\"wp-block-stackable-spacer stk-block-spacer stk--no-padding stk-block stk-405620a\" data-block-id=\"405620a\"><style>.stk-405620a {height:50px !important;}<\/style><\/div>\n\n\n\n<p><\/p>\n\n\n\n<div class=\"wp-block-stackable-heading stk-block-heading stk-block-heading--v2 stk-block stk-572946e\" id=\"strong-strong-lei-av-stiv-nakke-og-vond-rygg-strong-br-strong-da-er-du-pa-rett-sted-strong-strong\" data-block-id=\"572946e\"><style>.stk-572946e {margin-bottom:50px !important;}.stk-572946e .stk-block-heading__text{font-size:60px !important;line-height:1.1em !important;}@media screen and (max-width:999px){.stk-572946e .stk-block-heading__text{font-size:40px !important;}}<\/style><h1 class=\"stk-block-heading__text\"><strong><strong>Lei av stiv nakke og vond rygg?<\/strong><br><strong>Da er du p\u00e5 rett sted.<\/strong><\/strong><\/h1><\/div>\n\n\n\n<div class=\"wp-block-stackable-spacer stk-block-spacer stk--no-padding stk-block stk-84b3961\" data-block-id=\"84b3961\"><style>.stk-84b3961 {height:50px !important;}@media screen and (max-width:999px){.stk-84b3961 {height:70px !important;}}@media screen and (max-width:689px){.stk-84b3961 {height:70px !important;}}<\/style><\/div>\n\n\n\n<div class=\"wp-block-stackable-button-group stk-block-button-group stk-block stk-d6c7a87\" data-block-id=\"d6c7a87\"><style>.stk-d6c7a87 {margin-bottom:50px !important;}@media screen and (max-width:689px){.stk-d6c7a87 {margin-bottom:0px !important;}}<\/style><div class=\"stk-row stk-inner-blocks stk-block-content stk-button-group\">\n<div class=\"wp-block-stackable-button stk-block-button stk-block stk-104b74c\" data-block-id=\"104b74c\"><style>.stk-104b74c .stk-button{padding-top:12px !important;padding-right:40px !important;padding-bottom:12px !important;padding-left:40px !important;border-top-left-radius:50px !important;border-top-right-radius:50px !important;border-bottom-right-radius:50px !important;border-bottom-left-radius:50px !important;}.stk-104b74c .stk-button__inner-text{font-size:1.15em !important;}@media screen and (max-width:999px){.stk-104b74c .stk-button__inner-text{font-size:1.15em !important;}}<\/style><a class=\"stk-link stk-button stk--hover-effect-darken\" href=\"\"><span class=\"stk-button__inner-text\">Meld deg p\u00e5 kurset<\/span><\/a><\/div>\n\n\n\n<div class=\"wp-block-stackable-button stk-block-button is-style-ghost stk-block stk-b34024c\" data-block-id=\"b34024c\"><style>.stk-b34024c .stk-button{padding-top:12px !important;padding-right:40px !important;padding-bottom:12px !important;padding-left:40px !important;background:transparent !important;border-top-left-radius:50px !important;border-top-right-radius:50px !important;border-bottom-right-radius:50px !important;border-bottom-left-radius:50px !important;}.stk-b34024c .stk-button:hover:after{background:transparent !important;opacity:1 !important;}:where(.stk-hover-parent:hover,  .stk-hover-parent.stk--is-hovered) .stk-b34024c .stk-button:after{background:transparent !important;opacity:1 !important;}.stk-b34024c .stk-button:before{border-style:solid !important;border-top-width:2px !important;border-right-width:2px !important;border-bottom-width:2px !important;border-left-width:2px !important;}.stk-b34024c .stk-button__inner-text{font-size:1.2em !important;}@media screen and (max-width:999px){.stk-b34024c .stk-button__inner-text{font-size:1.2em !important;}}<\/style><a class=\"stk-link stk-button stk--hover-effect-darken\" href=\"#\"><span class=\"has-palette-color-1-color stk-button__inner-text\">L\u00e6r mer<\/span><\/a><\/div>\n<\/div><\/div>\n<\/div><\/div><\/div>\n\n\n\n<div class=\"wp-block-stackable-column stk-block-column stk-column stk-block stk-986cb71 stk-block-background stk--has-background-overlay\" data-v=\"4\" data-block-id=\"986cb71\"><style>.stk-986cb71-container{margin-top:0px !important;margin-right:0px !important;margin-bottom:0px !important;margin-left:0px !important;background-color:transparent !important;background-position:center center !important;background-repeat:no-repeat !important;background-size:contain !important;box-shadow:none !important;padding-top:0px !important;padding-right:0px !important;padding-bottom:0px !important;padding-left:0px !important;}.stk-986cb71 {align-self:flex-end !important;background-color:transparent !important;background-image:url(https:\/\/aktivterapi.no\/wp-content\/uploads\/2021\/05\/flower.svg) !important;background-position:center center !important;background-repeat:no-repeat !important;background-size:contain !important;padding-top:0px !important;padding-right:0px !important;padding-bottom:0px !important;padding-left:0px !important;margin-bottom:-100px !important;}.stk-986cb71:before{background-color:transparent !important;opacity:0.5 !important;}.stk-986cb71-container:before{background-color:transparent !important;}@media screen and (min-width:690px){.stk-986cb71 {flex:var(--stk-flex-grow, 1) 1 calc(50.20000000000002% - var(--stk-column-gap, 0px) * 1 \/ 2 ) !important;}}@media screen and (min-width:690px) and (max-width:999px){.stk-986cb71 {flex:var(--stk-flex-grow, 1) 1 calc(40% - var(--stk-column-gap, 0px) * 1 \/ 2 ) !important;}}@media screen and (max-width:999px){.stk-986cb71 {margin-bottom:0px !important;}}<\/style><div class=\"stk-column-wrapper stk-block-column__content stk-container stk-986cb71-container stk-hover-parent\"><div class=\"stk-block-content stk-inner-blocks stk-986cb71-inner-blocks\">\n<figure class=\"wp-block-image aligncenter size-full\"><img loading=\"lazy\" decoding=\"async\" width=\"661\" height=\"944\" src=\"https:\/\/aktivterapi.no\/wp-content\/uploads\/2024\/11\/img-1@2x-copy.png\" alt=\"\" class=\"wp-image-790\" style=\"aspect-ratio:1;object-fit:cover\" srcset=\"https:\/\/aktivterapi.no\/wp-content\/uploads\/2024\/11\/img-1@2x-copy.png 661w, https:\/\/aktivterapi.no\/wp-content\/uploads\/2024\/11\/img-1@2x-copy-210x300.png 210w, https:\/\/aktivterapi.no\/wp-content\/uploads\/2024\/11\/img-1@2x-copy-600x857.png 600w\" sizes=\"auto, (max-width: 661px) 100vw, 661px\" \/><\/figure>\n<\/div><\/div><\/div>\n<\/div><\/div>\n\n\n\n<div class=\"wp-block-stackable-spacer stk-block-spacer stk--no-padding stk-block stk-2e2592e\" data-block-id=\"2e2592e\"><style>.stk-2e2592e {height:0px !important;}@media screen and (max-width:999px){.stk-2e2592e {height:70px !important;}}@media screen and (max-width:689px){.stk-2e2592e {height:50px !important;}}<\/style><\/div>\n\n\n\n<div class=\"wp-block-stackable-divider stk-block-divider stk-block stk-9f2acfe is-style-bar\" data-block-id=\"9f2acfe\"><style>.stk-9f2acfe hr.stk-block-divider__hr{background:var(--theme-palette-color-2, #4b7878) !important;border-radius:calc(4px \/ 2) !important;height:4px !important;width:5% !important;}.stk-9f2acfe {margin-top:35px !important;margin-bottom:-35px !important;}<\/style><hr class=\"stk-block-divider__hr\"\/><\/div>\n\n\n\n<h2 class=\"wp-block-heading has-text-align-center\">Siste p\u00e5 bloggen<\/h2>\n\n\n\n\n\n<div class=\"wp-block-stackable-spacer stk-block-spacer stk--no-padding stk-block stk-2348e1d\" data-block-id=\"2348e1d\"><style>.stk-2348e1d {height:75px !important;}@media screen and (max-width:999px){.stk-2348e1d {height:70px !important;}}@media screen and (max-width:689px){.stk-2348e1d {height:50px !important;}}<\/style><\/div>\n\n\n\n<div class=\"wp-block-stackable-divider stk-block-divider stk-block stk-2c72d0d is-style-bar\" data-block-id=\"2c72d0d\"><style>.stk-2c72d0d hr.stk-block-divider__hr{background:var(--theme-palette-color-2, #4b7878) !important;border-radius:calc(4px \/ 2) !important;height:4px !important;width:5% !important;}.stk-2c72d0d {margin-top:35px !important;margin-bottom:-35px !important;}<\/style><hr class=\"stk-block-divider__hr\"\/><\/div>\n\n\n\n<h2 class=\"wp-block-heading has-text-align-center\">Gj\u00f8r et valg og ta et steg fremover. <\/h2>\n\n\n\n<p class=\"has-text-align-center\">L\u00f8sninger for bedre rygghelse som passer for deg, din hverdag, dine begrensninger og m\u00e5l.<\/p>\n\n\n\n\n\n<div class=\"wp-block-stackable-spacer stk-block-spacer stk--no-padding stk-block stk-ad34d40\" data-block-id=\"ad34d40\"><style>.stk-ad34d40 {height:75px !important;}@media screen and (max-width:999px){.stk-ad34d40 {height:70px !important;}}@media screen and (max-width:689px){.stk-ad34d40 {height:50px !important;}}<\/style><\/div>\n\n\n\n<div class=\"wp-block-stackable-divider stk-block-divider stk-block stk-e6341de is-style-bar\" data-block-id=\"e6341de\"><style>.stk-e6341de hr.stk-block-divider__hr{background:var(--theme-palette-color-2, #4b7878) !important;border-radius:calc(4px \/ 2) !important;height:4px !important;width:5% !important;}.stk-e6341de {margin-top:35px !important;margin-bottom:-35px !important;}<\/style><hr class=\"stk-block-divider__hr\"\/><\/div>\n\n\n\n<h2 class=\"wp-block-heading has-text-align-center\">\u00d8nsker du \u00e5 f\u00f8le deg bedre hver dag og bli kvitt plager p\u00e5 lang sikt?<\/h2>\n\n\n\n<p>Denne siden er laget for \u00e5 st\u00f8tte deg, steg for steg, i \u00e5 bli bedre kjent med kroppen din og dens behov, og for \u00e5 se helse p\u00e5 en helhetlig m\u00e5te. En sunn rygg handler ikke bare om \u00f8velser \u2013 det handler om en forst\u00e5else av kropp, sinn og balanse i dagligliv.<\/p>\n\n\n\n<div class=\"wp-block-stackable-spacer stk-block-spacer stk--no-padding stk-block stk-90f081e\" data-block-id=\"90f081e\"><style>.stk-90f081e {height:75px !important;}@media screen and (max-width:999px){.stk-90f081e {height:70px !important;}}@media screen and (max-width:689px){.stk-90f081e {height:50px !important;}}<\/style><\/div>\n","protected":false},"excerpt":{"rendered":"<p>Lei av stiv nakke og vond rygg?Da er du p\u00e5 rett sted. Meld deg p\u00e5 kurset L\u00e6r mer Siste p\u00e5 bloggen Gj\u00f8r et valg og ta et steg fremover. L\u00f8sninger for bedre rygghelse som passer for deg, din hverdag, dine begrensninger og m\u00e5l. \u00d8nsker du \u00e5 f\u00f8le deg bedre hver dag og bli kvitt plager [&hellip;]<\/p>\n","protected":false},"author":1,"featured_media":0,"parent":0,"menu_order":0,"comment_status":"closed","ping_status":"closed","template":"","meta":{"inline_featured_image":false,"footnotes":""},"class_list":["post-656","page","type-page","status-publish","hentry"],"blocksy_meta":{"page_title_panel":"","has_hero_section":"disabled","f3f8f49fb10cdf60f245ab9c8d61436e":"","hero_section":"type-1","hero_elements":[{"id":"custom_title","enabled":true,"heading_tag":"h1","title":"Home"},{"id":"custom_description","enabled":true,"description_visibility":{"desktop":true,"tablet":true,"mobile":false}},{"id":"custom_meta","enabled":false,"meta_elements":[{"id":"author","enabled":true,"label":"By","has_author_avatar":"yes","avatar_size":25},{"id":"post_date","enabled":true,"label":"On","date_format_source":"default","date_format":"M j, Y"},{"id":"updated_date","enabled":false,"label":"On","date_format_source":"default","date_format":"M j, Y"},{"id":"categories","enabled":false,"label":"In","style":"simple"},{"id":"comments","enabled":true}],"page_meta_elements":{"joined":true,"articles_count":true,"comments":true}},{"id":"breadcrumbs","enabled":false}],"442407010c59f3ff91e57db40c13aa51":"","hero_alignment1":"CT_CSS_SKIP_RULE","hero_margin":40,"hero_alignment2":"center","hero_vertical_alignment":"center","81921b98d6b487651b2df5d7a9d37022":"","hero_structure":"narrow","913c0035614d47b332bdecd7430ace76":"","page_title_bg_type":"featured_image","custom_hero_background":{"attachment_id":null},"parallax":{"desktop":false,"tablet":false,"mobile":false},"70967a6a7da28d6c770c344eb8409341":"","hero_height":"250px","pageTitleFont":{"family":"Default","variation":"Default","size":"30px","line-height":"CT_CSS_SKIP_RULE","letter-spacing":"CT_CSS_SKIP_RULE","text-transform":"CT_CSS_SKIP_RULE","text-decoration":"CT_CSS_SKIP_RULE"},"pageTitleFontColor":{"default":{"color":"CT_CSS_SKIP_RULEDEFAULT"}},"pageMetaFont":{"family":"Default","variation":"n6","size":"12px","line-height":"1.3","letter-spacing":"CT_CSS_SKIP_RULE","text-transform":"uppercase","text-decoration":"CT_CSS_SKIP_RULE"},"pageMetaFontColor":{"default":{"color":"CT_CSS_SKIP_RULEDEFAULT"},"hover":{"color":"CT_CSS_SKIP_RULEDEFAULT"}},"page_meta_button_type_font_colors":{"default":{"color":"CT_CSS_SKIP_RULEDEFAULT"},"hover":{"color":"CT_CSS_SKIP_RULEDEFAULT"}},"page_meta_button_type_background_colors":{"default":{"color":"CT_CSS_SKIP_RULEDEFAULT"},"hover":{"color":"CT_CSS_SKIP_RULEDEFAULT"}},"pageExcerptFont":{"family":"Default","variation":"Default","size":"CT_CSS_SKIP_RULE","line-height":"CT_CSS_SKIP_RULE","letter-spacing":"CT_CSS_SKIP_RULE","text-transform":"CT_CSS_SKIP_RULE","text-decoration":"CT_CSS_SKIP_RULE"},"pageExcerptColor":{"default":{"color":"CT_CSS_SKIP_RULEDEFAULT"}},"breadcrumbsFont":{"family":"Default","variation":"Default","size":"CT_CSS_SKIP_RULE","line-height":"CT_CSS_SKIP_RULE","letter-spacing":"CT_CSS_SKIP_RULE","text-transform":"CT_CSS_SKIP_RULE","text-decoration":"CT_CSS_SKIP_RULE"},"breadcrumbsFontColor":{"default":{"color":"CT_CSS_SKIP_RULEDEFAULT"},"initial":{"color":"CT_CSS_SKIP_RULEDEFAULT"},"hover":{"color":"CT_CSS_SKIP_RULEDEFAULT"}},"pageTitleOverlay":{"background_type":"color","background_pattern":"type-1","background_image":{"attachment_id":null,"x":0,"y":0},"gradient":"linear-gradient(135deg,rgba(6,147,227,1) 0%,rgb(155,81,224) 100%)","background_repeat":"repeat","background_size":"auto","background_attachment":"scroll","patternColor":{"default":{"color":"#e5e7ea"}},"overlayColor":{"default":{"color":"CT_CSS_SKIP_RULE"}},"backgroundColor":{"default":{"color":"CT_CSS_SKIP_RULE"}}},"pageTitleBackground":{"background_type":"color","background_pattern":"type-1","background_image":{"attachment_id":null,"x":0,"y":0},"gradient":"linear-gradient(135deg,rgba(6,147,227,1) 0%,rgb(155,81,224) 100%)","background_repeat":"repeat","background_size":"auto","background_attachment":"scroll","patternColor":{"default":{"color":"#e5e7ea"}},"overlayColor":{"default":{"color":"CT_CSS_SKIP_RULE"}},"backgroundColor":{"default":{"color":"var(--theme-palette-color-6)"}}},"pageTitlePadding":{"top":"50px","bottom":"50px","left":"auto","right":"auto","linked":true},"2e05a9c38d0c36bceda7b14b88d788de":"","page_structure_type":"default","a94223346daed16993233c45c5846fc9":"","content_style_source":"inherit","content_style":"wide","vertical_spacing_source":"custom","content_area_spacing":"none","background":{"background_type":"color","background_pattern":"type-1","background_image":{"attachment_id":null,"x":0,"y":0},"gradient":"linear-gradient(135deg,rgba(6,147,227,1) 0%,rgb(155,81,224) 100%)","background_repeat":"repeat","background_size":"auto","background_attachment":"scroll","patternColor":{"default":{"color":"#e5e7ea"}},"overlayColor":{"default":{"color":"CT_CSS_SKIP_RULE"}},"backgroundColor":{"default":{"color":"CT_CSS_SKIP_RULE"}}},"content_background":{"background_type":"color","background_pattern":"type-1","background_image":{"attachment_id":null,"x":0,"y":0},"gradient":"linear-gradient(135deg,rgba(6,147,227,1) 0%,rgb(155,81,224) 100%)","background_repeat":"repeat","background_size":"auto","background_attachment":"scroll","patternColor":{"default":{"color":"#e5e7ea"}},"overlayColor":{"default":{"color":"CT_CSS_SKIP_RULE"}},"backgroundColor":{"default":{"color":"var(--theme-palette-color-8)"}}},"content_boxed_shadow":{"inherit":false,"blur":18,"spread":-6,"v_offset":12,"h_offset":0,"inset":false,"enable":true,"color":{"color":"rgba(34, 56, 101, 0.04)"}},"boxed_content_spacing":{"desktop":{"top":"40px","bottom":"40px","left":"40px","right":"40px","linked":true},"tablet":{"top":"35px","bottom":"35px","left":"35px","right":"35px","linked":true},"mobile":{"top":"20px","bottom":"20px","left":"20px","right":"20px","linked":true}},"content_boxed_radius":{"top":"3px","bottom":"3px","left":"3px","right":"3px","linked":true},"3ada77dc07bfaa247452c0ce87b83283":"","disable_featured_image":"no","disable_share_box":"no","disable_header":"no","disable_footer":"no","styles_descriptor":{"styles":{"desktop":"","tablet":"","mobile":""},"google_fonts":[],"version":6},"c1520e0c171ff62a862cccd198b5db4e":"","fb478f72fd2442d74f9a24d0b83fc3f9":"","bd2a79c1e55e8ea1648cd7bfe31100b9":"","8b1b758c92ec3143f21c03d8591a8d87":"","60c3e69010b70c71047c30e24b496391":"","3f323aba5c21edcbae60598e44ec2755":"","79aff2cc484aad5b0d0e54c70ae3c7a2":"","d461672d81a9f08f7a33c656f44f91e8":""},"_links":{"self":[{"href":"https:\/\/aktivterapi.no\/no\/wp-json\/wp\/v2\/pages\/656","targetHints":{"allow":["GET"]}}],"collection":[{"href":"https:\/\/aktivterapi.no\/no\/wp-json\/wp\/v2\/pages"}],"about":[{"href":"https:\/\/aktivterapi.no\/no\/wp-json\/wp\/v2\/types\/page"}],"author":[{"embeddable":true,"href":"https:\/\/aktivterapi.no\/no\/wp-json\/wp\/v2\/users\/1"}],"replies":[{"embeddable":true,"href":"https:\/\/aktivterapi.no\/no\/wp-json\/wp\/v2\/comments?post=656"}],"version-history":[{"count":107,"href":"https:\/\/aktivterapi.no\/no\/wp-json\/wp\/v2\/pages\/656\/revisions"}],"predecessor-version":[{"id":1478,"href":"https:\/\/aktivterapi.no\/no\/wp-json\/wp\/v2\/pages\/656\/revisions\/1478"}],"wp:attachment":[{"href":"https:\/\/aktivterapi.no\/no\/wp-json\/wp\/v2\/media?parent=656"}],"curies":[{"name":"wp","href":"https:\/\/api.w.org\/{rel}","templated":true}]}}