{"id":653,"date":"2022-02-13T16:28:59","date_gmt":"2022-02-13T16:28:59","guid":{"rendered":"https:\/\/startersites.io\/stagingfour\/?page_id=653"},"modified":"2026-03-06T10:59:39","modified_gmt":"2026-03-06T10:59:39","slug":"about","status":"publish","type":"page","link":"https:\/\/aktivterapi.no\/no\/about\/","title":{"rendered":"Om meg"},"content":{"rendered":"\n<p>Jeg er fysioterapeut med over 13 \u00e5rs erfaring. De siste 7 \u00e5rene har jeg arbeidet i Kristiansand i Norge ved en tverrfaglig klinikk, hvor jeg har f\u00e5tt verdifull erfaring med behandling av pasienter med ulike behov og helseutfordringer.<\/p>\n\n\n\n<div class=\"wp-block-stackable-image stk-block-image stk-block stk-4aab26f\" data-block-id=\"4aab26f\"><style>.stk-4aab26f .stk-img-wrapper{width:40% !important;}<\/style><figure><span class=\"stk-img-wrapper stk-image--shape-stretch\"><img loading=\"lazy\" decoding=\"async\" class=\"stk-img wp-image-1452\" src=\"https:\/\/aktivterapi.no\/wp-content\/uploads\/2026\/03\/ChatGPT-Image-6-mar-2026-10_38_12.png\" width=\"1024\" height=\"1024\" srcset=\"https:\/\/aktivterapi.no\/wp-content\/uploads\/2026\/03\/ChatGPT-Image-6-mar-2026-10_38_12.png 1024w, https:\/\/aktivterapi.no\/wp-content\/uploads\/2026\/03\/ChatGPT-Image-6-mar-2026-10_38_12-300x300.png 300w, https:\/\/aktivterapi.no\/wp-content\/uploads\/2026\/03\/ChatGPT-Image-6-mar-2026-10_38_12-150x150.png 150w, https:\/\/aktivterapi.no\/wp-content\/uploads\/2026\/03\/ChatGPT-Image-6-mar-2026-10_38_12-768x768.png 768w, https:\/\/aktivterapi.no\/wp-content\/uploads\/2026\/03\/ChatGPT-Image-6-mar-2026-10_38_12-500x500.png 500w, https:\/\/aktivterapi.no\/wp-content\/uploads\/2026\/03\/ChatGPT-Image-6-mar-2026-10_38_12-600x600.png 600w, https:\/\/aktivterapi.no\/wp-content\/uploads\/2026\/03\/ChatGPT-Image-6-mar-2026-10_38_12-100x100.png 100w\" sizes=\"auto, (max-width: 1024px) 100vw, 1024px\" \/><\/span><\/figure><\/div>\n\n\n\n<p>Jeg spesialiserer meg p\u00e5 plager i ryggraden. I mitt arbeid m\u00f8ter jeg mange mennesker som har levd med ryggsmerter over lang tid og pr\u00f8ver \u00e5 forst\u00e5 hvorfor smerten ikke forsvinner eller stadig kommer tilbake..<\/p>\n\n\n\n<p><strong>Kroniske ryggsmerter er sjelden et problem med en enkel l\u00f8sning.<\/strong> N\u00e5r smerter varer lenge, kan de utvikle seg til et eget helseproblem. Mange som st\u00e5r i denne situasjonen opplever at veien videre kan f\u00f8les b\u00e5de lang og krevende. Ofte handler det ikke bare om ryggen, men om flere faktorer som p\u00e5virker hverandre. Kunnskap om kroppen og st\u00f8tte fra fagpersoner med kompetanse p\u00e5 langvarige smerter kan v\u00e6re viktig for \u00e5 forst\u00e5 situasjonen bedre og for \u00e5 bryte smertesirkelen.<\/p>\n\n\n\n<p>Denne siden har jeg laget b\u00e5de for mine pasienter og for andre som \u00f8nsker \u00e5 forst\u00e5 ryggen og kroppen sin bedre. <strong>Her deler jeg kunnskap, r\u00e5d og \u00f8velser som kan hjelpe deg p\u00e5 veien mot mindre smerte og en mer velfungerende hverdag \u2013 steg for steg.<\/strong><\/p>\n","protected":false},"excerpt":{"rendered":"<p>Jeg er fysioterapeut med over 13 \u00e5rs erfaring. De siste 7 \u00e5rene har jeg arbeidet i Kristiansand i Norge ved en tverrfaglig klinikk, hvor jeg har f\u00e5tt verdifull erfaring med behandling av pasienter med ulike behov og helseutfordringer. Jeg spesialiserer meg p\u00e5 plager i ryggraden. I mitt arbeid m\u00f8ter jeg mange mennesker som har levd [&hellip;]<\/p>\n","protected":false},"author":1,"featured_media":0,"parent":0,"menu_order":0,"comment_status":"closed","ping_status":"closed","template":"","meta":{"inline_featured_image":false,"footnotes":""},"class_list":["post-653","page","type-page","status-publish","hentry"],"blocksy_meta":{"styles_descriptor":{"styles":{"desktop":"","tablet":"","mobile":""},"google_fonts":[],"version":6},"page_title_panel":"","has_hero_section":"default","47531c9cc24d272b4d5f42bbe4da8bf0":"","hero_section":"type-1","hero_elements":[{"id":"custom_title","enabled":true,"heading_tag":"h1","title":"Home"},{"id":"custom_description","enabled":true,"description_visibility":{"desktop":true,"tablet":true,"mobile":false}},{"id":"custom_meta","enabled":false,"meta_elements":[{"id":"author","enabled":true,"label":"By","has_author_avatar":"yes","avatar_size":25},{"id":"post_date","enabled":true,"label":"On","date_format_source":"default","date_format":"M j, Y"},{"id":"updated_date","enabled":false,"label":"On","date_format_source":"default","date_format":"M j, Y"},{"id":"categories","enabled":false,"label":"In","style":"simple"},{"id":"comments","enabled":true}],"page_meta_elements":{"joined":true,"articles_count":true,"comments":true}},{"id":"breadcrumbs","enabled":false}],"87e21737c292eae681d6ec0215eb693f":"","hero_alignment1":"CT_CSS_SKIP_RULE","hero_margin":40,"hero_alignment2":"center","hero_vertical_alignment":"center","3c44f083dba4ae4a5300852a19810df6":"","hero_structure":"narrow","2b10ef27fe875036f9badb2e7195347f":"","page_title_bg_type":"featured_image","custom_hero_background":{"attachment_id":null},"parallax":{"desktop":false,"tablet":false,"mobile":false},"a86842ac07b9b2c9e49287abd318936e":"","hero_height":"250px","pageTitleFont":{"family":"Default","variation":"Default","size":"30px","line-height":"CT_CSS_SKIP_RULE","letter-spacing":"CT_CSS_SKIP_RULE","text-transform":"CT_CSS_SKIP_RULE","text-decoration":"CT_CSS_SKIP_RULE"},"pageTitleFontColor":{"default":{"color":"CT_CSS_SKIP_RULEDEFAULT"}},"pageMetaFont":{"family":"Default","variation":"n6","size":"12px","line-height":"1.3","letter-spacing":"CT_CSS_SKIP_RULE","text-transform":"uppercase","text-decoration":"CT_CSS_SKIP_RULE"},"pageMetaFontColor":{"default":{"color":"CT_CSS_SKIP_RULEDEFAULT"},"hover":{"color":"CT_CSS_SKIP_RULEDEFAULT"}},"page_meta_button_type_font_colors":{"default":{"color":"CT_CSS_SKIP_RULEDEFAULT"},"hover":{"color":"CT_CSS_SKIP_RULEDEFAULT"}},"page_meta_button_type_background_colors":{"default":{"color":"CT_CSS_SKIP_RULEDEFAULT"},"hover":{"color":"CT_CSS_SKIP_RULEDEFAULT"}},"pageExcerptFont":{"family":"Default","variation":"Default","size":"CT_CSS_SKIP_RULE","line-height":"CT_CSS_SKIP_RULE","letter-spacing":"CT_CSS_SKIP_RULE","text-transform":"CT_CSS_SKIP_RULE","text-decoration":"CT_CSS_SKIP_RULE"},"pageExcerptColor":{"default":{"color":"CT_CSS_SKIP_RULEDEFAULT"}},"breadcrumbsFont":{"family":"Default","variation":"Default","size":"CT_CSS_SKIP_RULE","line-height":"CT_CSS_SKIP_RULE","letter-spacing":"CT_CSS_SKIP_RULE","text-transform":"CT_CSS_SKIP_RULE","text-decoration":"CT_CSS_SKIP_RULE"},"breadcrumbsFontColor":{"default":{"color":"CT_CSS_SKIP_RULEDEFAULT"},"initial":{"color":"CT_CSS_SKIP_RULEDEFAULT"},"hover":{"color":"CT_CSS_SKIP_RULEDEFAULT"}},"pageTitleOverlay":{"background_type":"color","background_pattern":"type-1","background_image":{"attachment_id":null,"x":0,"y":0},"gradient":"linear-gradient(135deg,rgba(6,147,227,1) 0%,rgb(155,81,224) 100%)","background_repeat":"repeat","background_size":"auto","background_attachment":"scroll","patternColor":{"default":{"color":"#e5e7ea"}},"overlayColor":{"default":{"color":"CT_CSS_SKIP_RULE"}},"backgroundColor":{"default":{"color":"CT_CSS_SKIP_RULE"}}},"pageTitleBackground":{"background_type":"color","background_pattern":"type-1","background_image":{"attachment_id":null,"x":0,"y":0},"gradient":"linear-gradient(135deg,rgba(6,147,227,1) 0%,rgb(155,81,224) 100%)","background_repeat":"repeat","background_size":"auto","background_attachment":"scroll","patternColor":{"default":{"color":"#e5e7ea"}},"overlayColor":{"default":{"color":"CT_CSS_SKIP_RULE"}},"backgroundColor":{"default":{"color":"var(--theme-palette-color-6)"}}},"pageTitlePadding":{"top":"50px","bottom":"50px","left":"auto","right":"auto","linked":true},"7ceb88a653c0308f310135f4d8d70830":"","page_structure_type":"default","b6f2461d9e56992dd665c88b2bfaeb75":"","content_style_source":"inherit","content_style":"wide","vertical_spacing_source":"custom","content_area_spacing":"none","background":{"background_type":"color","background_pattern":"type-1","background_image":{"attachment_id":null,"x":0,"y":0},"gradient":"linear-gradient(135deg,rgba(6,147,227,1) 0%,rgb(155,81,224) 100%)","background_repeat":"repeat","background_size":"auto","background_attachment":"scroll","patternColor":{"default":{"color":"#e5e7ea"}},"overlayColor":{"default":{"color":"CT_CSS_SKIP_RULE"}},"backgroundColor":{"default":{"color":"CT_CSS_SKIP_RULE"}}},"content_background":{"background_type":"color","background_pattern":"type-1","background_image":{"attachment_id":null,"x":0,"y":0},"gradient":"linear-gradient(135deg,rgba(6,147,227,1) 0%,rgb(155,81,224) 100%)","background_repeat":"repeat","background_size":"auto","background_attachment":"scroll","patternColor":{"default":{"color":"#e5e7ea"}},"overlayColor":{"default":{"color":"CT_CSS_SKIP_RULE"}},"backgroundColor":{"default":{"color":"var(--theme-palette-color-8)"}}},"content_boxed_shadow":{"inherit":false,"blur":18,"spread":-6,"v_offset":12,"h_offset":0,"inset":false,"enable":true,"color":{"color":"rgba(34, 56, 101, 0.04)"}},"boxed_content_spacing":{"desktop":{"top":"40px","bottom":"40px","left":"40px","right":"40px","linked":true},"tablet":{"top":"35px","bottom":"35px","left":"35px","right":"35px","linked":true},"mobile":{"top":"20px","bottom":"20px","left":"20px","right":"20px","linked":true}},"content_boxed_radius":{"top":"3px","bottom":"3px","left":"3px","right":"3px","linked":true},"4cf193c4caaee4a2ef3bf4f68039811c":"","disable_featured_image":"no","disable_share_box":"no","disable_header":"no","disable_footer":"no"},"_links":{"self":[{"href":"https:\/\/aktivterapi.no\/no\/wp-json\/wp\/v2\/pages\/653","targetHints":{"allow":["GET"]}}],"collection":[{"href":"https:\/\/aktivterapi.no\/no\/wp-json\/wp\/v2\/pages"}],"about":[{"href":"https:\/\/aktivterapi.no\/no\/wp-json\/wp\/v2\/types\/page"}],"author":[{"embeddable":true,"href":"https:\/\/aktivterapi.no\/no\/wp-json\/wp\/v2\/users\/1"}],"replies":[{"embeddable":true,"href":"https:\/\/aktivterapi.no\/no\/wp-json\/wp\/v2\/comments?post=653"}],"version-history":[{"count":17,"href":"https:\/\/aktivterapi.no\/no\/wp-json\/wp\/v2\/pages\/653\/revisions"}],"predecessor-version":[{"id":1464,"href":"https:\/\/aktivterapi.no\/no\/wp-json\/wp\/v2\/pages\/653\/revisions\/1464"}],"wp:attachment":[{"href":"https:\/\/aktivterapi.no\/no\/wp-json\/wp\/v2\/media?parent=653"}],"curies":[{"name":"wp","href":"https:\/\/api.w.org\/{rel}","templated":true}]}}